{"id":496,"date":"2020-11-24T00:08:42","date_gmt":"2020-11-24T00:08:42","guid":{"rendered":"https:\/\/ecosystemsgb.com\/de\/?page_id=496"},"modified":"2021-05-05T03:14:09","modified_gmt":"2021-05-05T03:14:09","slug":"guarantee-and-warranty","status":"publish","type":"page","link":"https:\/\/ecosystemsgb.com\/de\/guarantee-and-warranty\/","title":{"rendered":"GARANTIE, GARANTIEZEIT"},"content":{"rendered":"\n<div class=\"wp-block-columns\">\n<div class=\"wp-block-column\">\n<p><strong><strong>5 Jahre Werksgarantie<\/strong>:<\/strong><br>Alle ECO-Systeme haben vom Hersteller eine Garantie von 5 Jahren.<\/p>\n\n\n\n<p><strong><strong>30 Tage R\u00fcckgabe-Garantie:<\/strong><br><\/strong>Wenn Sie <strong>nicht das gew\u00fcnschte Ergebnis erzielen<\/strong>, sind Sie garantiert innerhalb von 30 Tagen mit der <strong>R\u00fcckgabe des ECO-Systems und einer 100% R\u00fcckerstattung<\/strong>.<\/p>\n<\/div>\n\n\n\n<div class=\"wp-block-column\">\n<figure class=\"wp-block-image size-large\"><img loading=\"lazy\" width=\"1024\" height=\"708\" src=\"https:\/\/ecosystemsgb.com\/de\/wp-content\/uploads\/2021\/03\/warranty03-1024x708.jpg\" alt=\"\" class=\"wp-image-1254\" srcset=\"https:\/\/ecosystemsgb.com\/de\/wp-content\/uploads\/2021\/03\/warranty03-1024x708.jpg 1024w, https:\/\/ecosystemsgb.com\/de\/wp-content\/uploads\/2021\/03\/warranty03-300x207.jpg 300w, https:\/\/ecosystemsgb.com\/de\/wp-content\/uploads\/2021\/03\/warranty03-768x531.jpg 768w, https:\/\/ecosystemsgb.com\/de\/wp-content\/uploads\/2021\/03\/warranty03.jpg 1139w\" sizes=\"(max-width: 1024px) 100vw, 1024px\" \/><\/figure>\n<\/div>\n<\/div>\n\n\n\n<p><\/p>\n","protected":false},"excerpt":{"rendered":"<p>5 Jahre Werksgarantie:Alle ECO-Systeme haben vom Hersteller eine Garantie von 5 Jahren. 30 Tage R\u00fcckgabe-Garantie:Wenn Sie nicht das gew\u00fcnschte Ergebnis erzielen, sind Sie garantiert innerhalb von 30 Tagen mit der R\u00fcckgabe des ECO-Systems und einer 100% R\u00fcckerstattung.<\/p>\n","protected":false},"author":1,"featured_media":0,"parent":0,"menu_order":0,"comment_status":"closed","ping_status":"closed","template":"","meta":[],"_links":{"self":[{"href":"https:\/\/ecosystemsgb.com\/de\/wp-json\/wp\/v2\/pages\/496"}],"collection":[{"href":"https:\/\/ecosystemsgb.com\/de\/wp-json\/wp\/v2\/pages"}],"about":[{"href":"https:\/\/ecosystemsgb.com\/de\/wp-json\/wp\/v2\/types\/page"}],"author":[{"embeddable":true,"href":"https:\/\/ecosystemsgb.com\/de\/wp-json\/wp\/v2\/users\/1"}],"replies":[{"embeddable":true,"href":"https:\/\/ecosystemsgb.com\/de\/wp-json\/wp\/v2\/comments?post=496"}],"version-history":[{"count":5,"href":"https:\/\/ecosystemsgb.com\/de\/wp-json\/wp\/v2\/pages\/496\/revisions"}],"predecessor-version":[{"id":1366,"href":"https:\/\/ecosystemsgb.com\/de\/wp-json\/wp\/v2\/pages\/496\/revisions\/1366"}],"wp:attachment":[{"href":"https:\/\/ecosystemsgb.com\/de\/wp-json\/wp\/v2\/media?parent=496"}],"curies":[{"name":"wp","href":"https:\/\/api.w.org\/{rel}","templated":true}]}}