{"id":468,"date":"2020-11-23T23:29:27","date_gmt":"2020-11-23T23:29:27","guid":{"rendered":"https:\/\/ecosystemsgb.com\/de\/?page_id=468"},"modified":"2021-05-05T03:05:02","modified_gmt":"2021-05-05T03:05:02","slug":"the-eco-system-fuel-enhancer","status":"publish","type":"page","link":"https:\/\/ecosystemsgb.com\/de\/the-eco-system-fuel-enhancer\/","title":{"rendered":"DAS ECO SYSTEM\u2013 KRAFTSTOFFOPTIMISIERUNG"},"content":{"rendered":"\n<p><strong>Das ECO-System ist ein zuverl\u00e4ssiges Produkt, das im Jahre 2000 in den USA \u00fcber GSA patentiert worden ist.<\/strong><\/p>\n\n\n\n<p><strong>Die ECO-Systemtechnologie kann den Kraftstoffverbrauch um 10 bis 30% und die CO2-Emissionen um bis zu 90% senken, abh\u00e4ngig von Motortyp und Kraftstoff, Motoralterung, Motorleistung und Fahrk\u00fcnsten. Das \u00d6kosystem ist ein universelles Ger\u00e4t, das f\u00fcr jede Art von Kraftstoff wie Diesel, Benzin und Erdgas geeignet ist.<\/strong><\/p>\n\n\n\n<p><strong><strong>Wenn Sie sich \u00fcber die Ergebnisse nicht sicher sind, k\u00f6nnen Sie die Bewertungen und Bewertungen der Personen anzeigen, die das Produkt verwendet haben.<\/strong><\/strong><\/p>\n\n\n\n<h2><strong><strong>Geeigneter Treibstoff<\/strong><\/strong><\/h2>\n\n\n\n<p>DIESEL, BENZIN, HEIZ\u00d6L, KEROSIN, ERDGAS, FL\u00dcSSIGES GAS, PROPHAN<\/p>\n","protected":false},"excerpt":{"rendered":"<p>Das ECO-System ist ein zuverl\u00e4ssiges Produkt, das im Jahre 2000 in den USA \u00fcber GSA patentiert worden ist. Die ECO-Systemtechnologie kann den Kraftstoffverbrauch um 10 bis 30% und die CO2-Emissionen um bis zu 90% senken, abh\u00e4ngig von Motortyp und Kraftstoff, Motoralterung, Motorleistung und Fahrk\u00fcnsten. Das \u00d6kosystem ist ein universelles Ger\u00e4t, das f\u00fcr jede Art von Kraftstoff wie Diesel, Benzin und [&hellip;]<\/p>\n","protected":false},"author":1,"featured_media":0,"parent":0,"menu_order":0,"comment_status":"closed","ping_status":"closed","template":"","meta":[],"_links":{"self":[{"href":"https:\/\/ecosystemsgb.com\/de\/wp-json\/wp\/v2\/pages\/468"}],"collection":[{"href":"https:\/\/ecosystemsgb.com\/de\/wp-json\/wp\/v2\/pages"}],"about":[{"href":"https:\/\/ecosystemsgb.com\/de\/wp-json\/wp\/v2\/types\/page"}],"author":[{"embeddable":true,"href":"https:\/\/ecosystemsgb.com\/de\/wp-json\/wp\/v2\/users\/1"}],"replies":[{"embeddable":true,"href":"https:\/\/ecosystemsgb.com\/de\/wp-json\/wp\/v2\/comments?post=468"}],"version-history":[{"count":4,"href":"https:\/\/ecosystemsgb.com\/de\/wp-json\/wp\/v2\/pages\/468\/revisions"}],"predecessor-version":[{"id":1363,"href":"https:\/\/ecosystemsgb.com\/de\/wp-json\/wp\/v2\/pages\/468\/revisions\/1363"}],"wp:attachment":[{"href":"https:\/\/ecosystemsgb.com\/de\/wp-json\/wp\/v2\/media?parent=468"}],"curies":[{"name":"wp","href":"https:\/\/api.w.org\/{rel}","templated":true}]}}