{"id":111,"date":"2020-11-17T17:25:01","date_gmt":"2020-11-17T17:25:01","guid":{"rendered":"https:\/\/ecosystemsgb.com\/de\/?page_id=111"},"modified":"2021-05-27T19:57:56","modified_gmt":"2021-05-27T19:57:56","slug":"product-description","status":"publish","type":"page","link":"https:\/\/ecosystemsgb.com\/de\/product-description\/","title":{"rendered":"Produktbeschreibung"},"content":{"rendered":"\t\t<div data-elementor-type=\"wp-page\" data-elementor-id=\"111\" class=\"elementor elementor-111\" data-elementor-settings=\"[]\">\n\t\t\t\t\t\t<div class=\"elementor-inner\">\n\t\t\t\t\t\t\t<div class=\"elementor-section-wrap\">\n\t\t\t\t\t\t\t<section class=\"elementor-section elementor-top-section elementor-element elementor-element-3a4eff8e elementor-section-boxed elementor-section-height-default elementor-section-height-default\" data-id=\"3a4eff8e\" data-element_type=\"section\">\n\t\t\t\t\t\t<div class=\"elementor-container elementor-column-gap-default\">\n\t\t\t\t\t\t\t<div class=\"elementor-row\">\n\t\t\t\t\t<div class=\"elementor-column elementor-col-100 elementor-top-column elementor-element elementor-element-78612699\" data-id=\"78612699\" data-element_type=\"column\">\n\t\t\t<div class=\"elementor-column-wrap elementor-element-populated\">\n\t\t\t\t\t\t\t<div class=\"elementor-widget-wrap\">\n\t\t\t\t\t\t<div class=\"elementor-element elementor-element-4ef6d162 elementor-widget elementor-widget-text-editor\" data-id=\"4ef6d162\" data-element_type=\"widget\" data-widget_type=\"text-editor.default\">\n\t\t\t\t<div class=\"elementor-widget-container\">\n\t\t\t\t\t<div class=\"elementor-text-editor elementor-clearfix\"><p><!-- wp:paragraph --><\/p>\n<p><!-- \/wp:paragraph --><\/p>\n<p><!-- wp:paragraph --><\/p>\n<p>Das ECO-System ist ein zuverl\u00e4ssiges Produkt, das im Jahre 2000 in den USA \u00fcber GSA patentiert worden ist.<\/p>\n<p><!-- \/wp:paragraph --><\/p>\n<p><!-- wp:paragraph --><\/p>\n<p>Das ECO-System kann f\u00fcr jeden Motortyp verwendet werden. Es reduziert den Verbrauch von Erd\u00f6l um 10-30%, sowie erzielt es eine Reduktion vom giftigen Abgas bis zu 90%. Dar\u00fcber hinaus reduziert es die Wartungskosten.<\/p>\n<p><!-- \/wp:paragraph --><\/p>\n<p><!-- wp:paragraph --><\/p>\n<p>Das ECO-System besteht aus hochfestem Edelstahl. Die Gr\u00f6\u00dfe ist 13,3-15,8 cm lang und 2,5-3,8 cm im Durchmesser. Die Innenteile bestehen haupts\u00e4chlich aus Kupfer. Getestet bei Dr\u00fccken bis zu 10.000 psi. Das \u00d6kosystem muss zus\u00e4tzlich zwischen dem Kraftstofffilter und dem Motor oder in der Mitte des den Motor tragenden Kraftstoffschlauchs installiert werden.<\/p>\n<p><!-- \/wp:paragraph --><\/p>\n<p><!-- wp:paragraph --><\/p>\n<p><strong>Wie funktioniert es<\/strong><strong>?<\/strong><\/p>\n<p><!-- \/wp:paragraph --><\/p>\n<p><!-- wp:paragraph --><\/p>\n<p>Die Technologie basiert auf dem einfachen Prinzip, den REED-Dampfdruck zu erh\u00f6hen und gleichzeitig den Kraftstoff vollst\u00e4ndig zu verbrennen, indem die ungeordneten Kohlenwasserstoffmolek\u00fcle im Kraftstoff in kleine Molek\u00fcle von der Gr\u00f6\u00dfe eines Atoms umgewandelt werden.<\/p>\n<p><!-- \/wp:paragraph --><\/p>\n<p><!-- wp:paragraph --><\/p>\n<p>Das ECO-System erh\u00f6ht die Verdunstungskapazit\u00e4t des Kraftstoffs, verbessert das Luft-Kraftstoff-Verh\u00e4ltnis und erzeugt eine vollst\u00e4ndigere Verbrennung in der Brennkammer.<\/p>\n<p><!-- \/wp:paragraph --><\/p>\n<p><!-- wp:paragraph --><\/p>\n<p>Die vollst\u00e4ndige Verbrennung im Motor erh\u00f6ht die Motorleistung, reduziert die Abgasemissionen und f\u00fchrt \u00e4hnliche Aufgaben mit weniger Kraftstoff aus.<\/p>\n<p><!-- \/wp:paragraph --><\/p>\n<p><!-- wp:paragraph --><\/p>\n<p><strong><u>Lebensdauer:<\/u><\/strong><strong> 40 <\/strong><strong>Jahre<\/strong><strong>.<\/strong><\/p>\n<p><!-- \/wp:paragraph --><\/p>\n<p><!-- wp:paragraph --><\/p>\n<p><strong><u>Herstellergarantie von<\/u> <u>5<\/u><u> Jahren<\/u><\/strong><\/p>\n<p><!-- \/wp:paragraph --><\/p>\n<p><!-- wp:paragraph --><\/p>\n<p><strong><u>Zufriedenheitsgarantie 30 Tage. Wenn Sie nicht das gew\u00fcnschte Ergebnis erhalten, k\u00f6nnen Sie das ECO-System zur\u00fcckgeben<\/u><\/strong><strong> und eine 100% R\u00fcckerstattung erhalten<\/strong><strong>.<\/strong><\/p>\n<p><!-- \/wp:paragraph --><\/p>\n<p><!-- wp:paragraph --><\/p>\n<h3><strong>Vorteile<\/strong><strong>:<\/strong><\/h3>\n<ul>\n<li>Reduziert die Emissionen um 70-90%: (Nach der Installation ist die sichtbare Reduzierung des Rauches sichtbar.)<\/li>\n<li>Reduziert den Kraftstoffverbrauch um bis zu 30%<\/li>\n<li>Reduziert die Wartungskosten &#8211; DFP-Filter, Einspritzd\u00fcsen, Motoren, AGR, Katalysatorverl\u00e4ngerung usw.<\/li>\n<li>Verbessert die Kraftstoffverbrennung und erh\u00f6ht die Motorleistung erheblich<\/li>\n<li>Spart Kosten<\/li>\n<li>Das ECO-System ist einfach zu montieren und dauert je nach Installationsort des Ger\u00e4ts durchschnittlich 15 bis 30 Minuten.<\/li>\n<li>Das ECO-System hat den Vorteil, dass die Gesamtbetriebskosten (TCO \/ Total Cost of Ownership) gesenkt werden und ist umweltfreundlich.<\/li>\n<\/ul>\n<p><!-- \/wp:paragraph --><\/p><\/div>\n\t\t\t\t<\/div>\n\t\t\t\t<\/div>\n\t\t\t\t\t\t<\/div>\n\t\t\t\t\t<\/div>\n\t\t<\/div>\n\t\t\t\t\t\t\t\t<\/div>\n\t\t\t\t\t<\/div>\n\t\t<\/section>\n\t\t\t\t\t\t<\/div>\n\t\t\t\t\t\t<\/div>\n\t\t\t\t\t<\/div>\n\t\t","protected":false},"excerpt":{"rendered":"<p>Das ECO-System ist ein zuverl\u00e4ssiges Produkt, das im Jahre 2000 in den USA \u00fcber GSA patentiert worden ist. Das ECO-System kann f\u00fcr jeden Motortyp verwendet werden. Es reduziert den Verbrauch von Erd\u00f6l um 10-30%, sowie erzielt es eine Reduktion vom giftigen Abgas bis zu 90%. Dar\u00fcber hinaus reduziert es die Wartungskosten. Das ECO-System besteht aus hochfestem Edelstahl. Die Gr\u00f6\u00dfe ist [&hellip;]<\/p>\n","protected":false},"author":1,"featured_media":0,"parent":0,"menu_order":0,"comment_status":"closed","ping_status":"closed","template":"","meta":[],"_links":{"self":[{"href":"https:\/\/ecosystemsgb.com\/de\/wp-json\/wp\/v2\/pages\/111"}],"collection":[{"href":"https:\/\/ecosystemsgb.com\/de\/wp-json\/wp\/v2\/pages"}],"about":[{"href":"https:\/\/ecosystemsgb.com\/de\/wp-json\/wp\/v2\/types\/page"}],"author":[{"embeddable":true,"href":"https:\/\/ecosystemsgb.com\/de\/wp-json\/wp\/v2\/users\/1"}],"replies":[{"embeddable":true,"href":"https:\/\/ecosystemsgb.com\/de\/wp-json\/wp\/v2\/comments?post=111"}],"version-history":[{"count":14,"href":"https:\/\/ecosystemsgb.com\/de\/wp-json\/wp\/v2\/pages\/111\/revisions"}],"predecessor-version":[{"id":1436,"href":"https:\/\/ecosystemsgb.com\/de\/wp-json\/wp\/v2\/pages\/111\/revisions\/1436"}],"wp:attachment":[{"href":"https:\/\/ecosystemsgb.com\/de\/wp-json\/wp\/v2\/media?parent=111"}],"curies":[{"name":"wp","href":"https:\/\/api.w.org\/{rel}","templated":true}]}}