{"id":109,"date":"2020-11-17T17:23:53","date_gmt":"2020-11-17T17:23:53","guid":{"rendered":"https:\/\/ecosystemsgb.com\/de\/?page_id=109"},"modified":"2022-05-18T16:41:31","modified_gmt":"2022-05-18T16:41:31","slug":"about-us","status":"publish","type":"page","link":"https:\/\/ecosystemsgb.com\/de\/about-us\/","title":{"rendered":"\u00dcBER UNS"},"content":{"rendered":"\n<p><em>Eco Mine Systems GmbH<\/em> ist der offizielle Vertriebsh\u00e4ndler <a rel=\"noreferrer noopener\" href=\"http:\/\/www.etieco.com\/index.htm\" data-type=\"URL\" data-id=\"http:\/\/www.etieco.com\/index.htm\" target=\"_blank\"><strong>Better Emissions Company<\/strong><\/a> <a rel=\"noreferrer noopener\" href=\"http:\/\/www.etieco.com\/index.htm\" data-type=\"URL\" data-id=\"http:\/\/www.etieco.com\/index.htm\" target=\"_blank\"><em>GmbH<\/em><\/a> und verf\u00fcgt \u00fcber deren Lizenzen zur weltweiten Vermarktung und Verkauf ihrer Produkte.<\/p>\n\n\n\n<p>Das ECO-System, ein Produkt\/Service unter dem Patentrecht von <strong>Better Emissions Company<\/strong> <em>GmbH<\/em>, Vereinigte Staaten von Amerika,\u00a0 wurde seit 2001 produziert.<\/p>\n\n\n\n<p>Wir vermarkten die Hochtechnologie ECO System an Bergbau-, See-, und Landtransport-, Erd\u00f6l- und nat\u00fcrliche Gasf\u00f6rderungssektoren. Dar\u00fcber hinaus verfolgen wir das Ziel, die Kosten (TCO) und giftige Abgasemission von unseren Kunden zu reduzieren und auf diesem Wege zur L\u00f6sung des Klimawandels beizutragen.<\/p>\n\n\n\n<p>Derzeit haben wir unsere Vertretungsstellen in den USA, Lateinamerika, Kasachstan und der Mongolei ge\u00f6ffnet.<\/p>\n\n\n\n<p><em>Eco Mine Systems GmbH<\/em> ist auf der Suche nach globalen Partnerschaften wie offizielle Vertriebsh\u00e4ndler und Vertreter. Wenn Sie sich w\u00fcnschen, unsere Produkte auf ihrem lokalen Markt zu verkaufen, bitte wenden Sie sich an uns.<\/p>\n","protected":false},"excerpt":{"rendered":"<p>Eco Mine Systems GmbH ist der offizielle Vertriebsh\u00e4ndler Better Emissions Company GmbH und verf\u00fcgt \u00fcber deren Lizenzen zur weltweiten Vermarktung und Verkauf ihrer Produkte. Das ECO-System, ein Produkt\/Service unter dem Patentrecht von Better Emissions Company GmbH, Vereinigte Staaten von Amerika,\u00a0 wurde seit 2001 produziert. Wir vermarkten die Hochtechnologie ECO System an Bergbau-, See-, und Landtransport-, Erd\u00f6l- und nat\u00fcrliche Gasf\u00f6rderungssektoren. Dar\u00fcber [&hellip;]<\/p>\n","protected":false},"author":1,"featured_media":0,"parent":0,"menu_order":0,"comment_status":"closed","ping_status":"closed","template":"","meta":[],"_links":{"self":[{"href":"https:\/\/ecosystemsgb.com\/de\/wp-json\/wp\/v2\/pages\/109"}],"collection":[{"href":"https:\/\/ecosystemsgb.com\/de\/wp-json\/wp\/v2\/pages"}],"about":[{"href":"https:\/\/ecosystemsgb.com\/de\/wp-json\/wp\/v2\/types\/page"}],"author":[{"embeddable":true,"href":"https:\/\/ecosystemsgb.com\/de\/wp-json\/wp\/v2\/users\/1"}],"replies":[{"embeddable":true,"href":"https:\/\/ecosystemsgb.com\/de\/wp-json\/wp\/v2\/comments?post=109"}],"version-history":[{"count":9,"href":"https:\/\/ecosystemsgb.com\/de\/wp-json\/wp\/v2\/pages\/109\/revisions"}],"predecessor-version":[{"id":1448,"href":"https:\/\/ecosystemsgb.com\/de\/wp-json\/wp\/v2\/pages\/109\/revisions\/1448"}],"wp:attachment":[{"href":"https:\/\/ecosystemsgb.com\/de\/wp-json\/wp\/v2\/media?parent=109"}],"curies":[{"name":"wp","href":"https:\/\/api.w.org\/{rel}","templated":true}]}}